{"id":14,"date":"2020-03-31T14:57:41","date_gmt":"2020-03-31T12:57:41","guid":{"rendered":"http:\/\/tech.sosthe.sk\/?page_id=14"},"modified":"2020-04-13T14:02:10","modified_gmt":"2020-04-13T12:02:10","slug":"sietove-technologie","status":"publish","type":"page","link":"http:\/\/tech.sosthe.sk\/index.php\/sietove-technologie\/","title":{"rendered":"Sie\u0165ov\u00e9 technol\u00f3gie"},"content":{"rendered":"<p><img loading=\"lazy\" decoding=\"async\" class=\"wp-image-163 size-full\" src=\"http:\/\/tech.sosthe.sk\/wp-content\/uploads\/2020\/04\/switch.jpg\" alt=\"\" width=\"902\" height=\"221\" srcset=\"http:\/\/tech.sosthe.sk\/wp-content\/uploads\/2020\/04\/switch.jpg 902w, http:\/\/tech.sosthe.sk\/wp-content\/uploads\/2020\/04\/switch-300x74.jpg 300w, http:\/\/tech.sosthe.sk\/wp-content\/uploads\/2020\/04\/switch-768x188.jpg 768w, http:\/\/tech.sosthe.sk\/wp-content\/uploads\/2020\/04\/switch-660x162.jpg 660w\" sizes=\"(max-width: 902px) 100vw, 902px\" \/><\/p>\n<h2 style=\"text-align: center;\">3.ro\u010dn\u00edk &#8211; Po\u010d\u00edta\u010dov\u00e9 siete<\/h2>\n<ol>\n<li>\n<h4><a href=\"http:\/\/tech.sosthe.sk\/index.php\/category\/zaklady-pocitacovych-sieti\/\">Z\u00e1klady po\u010d\u00edta\u010dov\u00fdch siet\u00ed<\/a><\/h4>\n<\/li>\n<li>\n<h4><a href=\"http:\/\/tech.sosthe.sk\/index.php\/sietove-technologie\/opticka-a-metalicka-kabelaz-pre-siete-lan\/\">Optick\u00e1 a metalick\u00e1 kabel\u00e1\u017e pre siete LAN<\/a><\/h4>\n<\/li>\n<li>\n<h4><a href=\"http:\/\/tech.sosthe.sk\/index.php\/sietove-technologie\/konektory-a-transceivery-pre-siete-lan\/\">Konektory a Transceivery pre siete LAN<\/a><\/h4>\n<\/li>\n<li>\n<h4><a href=\"http:\/\/tech.sosthe.sk\/index.php\/krutena-dvojlinka\/\">Kr\u00faten\u00e1 dvojlinka<\/a><\/h4>\n<\/li>\n<li>\n<h4><a href=\"http:\/\/tech.sosthe.sk\/index.php\/sietove-technologie\/strukturovana-kabelaz\/\">\u0160trukt\u00farovan\u00e1 kabel\u00e1\u017e<\/a><\/h4>\n<\/li>\n<li>\n<h4><a href=\"http:\/\/tech.sosthe.sk\/index.php\/sietove-technologie\/aktivne-sietove-prvky\/\">Akt\u00edvne sie\u0165ov\u00e9 prvky<\/a><\/h4>\n<\/li>\n<li>\n<h4><a href=\"http:\/\/tech.sosthe.sk\/index.php\/sietove-technologie\/adresy-v-ramci-pri-priechode-sietami\/\">Adresy v R\u00e1mci pri prechode sie\u0165ami<\/a><\/h4>\n<\/li>\n<li>\n<h4><a href=\"http:\/\/tech.sosthe.sk\/index.php\/sietove-technologie\/dns-domain-name-system\/\">DNS (Domain name system)<\/a><\/h4>\n<\/li>\n<\/ol>\n<p>&nbsp;<\/p>\n<h2 style=\"text-align: center;\">4. ro\u010dn\u00edk &#8211; Protokoly TCP\/IP<\/h2>\n<h3>1. <a href=\"http:\/\/tech.sosthe.sk\/index.php\/category\/sietove-technologie\/uvod-do-pocitacovych-sieti\/\">Internet<\/a><\/h3>\n<h3>2. <a href=\"http:\/\/tech.sosthe.sk\/index.php\/category\/sietove-technologie\/2-aplikacna-vrstva\/\">Aplika\u010dn\u00e1 vrstva<\/a><\/h3>\n<h3>3. <a href=\"http:\/\/tech.sosthe.sk\/index.php\/category\/sietove-technologie\/3-transportna-vrstva\/\">Transportn\u00e1 vrstva<\/a><\/h3>\n<h4>\u00a0 \u00a0 \u00a03.1. <a href=\"http:\/\/tech.sosthe.sk\/index.php\/porty\/\">Porty<\/a><\/h4>\n<h3>4. <a href=\"http:\/\/tech.sosthe.sk\/index.php\/category\/sietove-technologie\/4-sietova-vrstva\/\">Sie\u0165ov\u00e1 vrstva<\/a><\/h3>\n<h4>\u00a0 \u00a0 \u00a04.1. <a href=\"http:\/\/tech.sosthe.sk\/index.php\/2020\/04\/05\/icmp\/\">ICMP<\/a><\/h4>\n<h3>5. <a href=\"http:\/\/tech.sosthe.sk\/index.php\/category\/sietove-technologie\/5-spojova-vrstva\/\">Spojov\u00e1 vrstva<\/a><\/h3>\n<h3>6. <a href=\"http:\/\/tech.sosthe.sk\/index.php\/category\/sietove-technologie\/6-fyzicka-vrstva\/\">Fyzick\u00e1 vrstva<\/a><\/h3>\n<p>Spracovan\u00e9 pod\u013ea predn\u00e1\u0161ok <a href=\"https:\/\/ics.science.upjs.sk\/siete\/\">Po\u010d\u00edta\u010dov\u00e9 siete<\/a>\u00a0 od <a href=\"http:\/\/gursky.sk\/\">RNDr. Peter Gursk\u00fd, PhD<\/a><\/p>\n","protected":false},"excerpt":{"rendered":"<p>3.ro\u010dn\u00edk &#8211; Po\u010d\u00edta\u010dov\u00e9 siete Z\u00e1klady po\u010d\u00edta\u010dov\u00fdch siet\u00ed Optick\u00e1 a metalick\u00e1 kabel\u00e1\u017e pre siete LAN Konektory a Transceivery pre siete LAN Kr\u00faten\u00e1 dvojlinka \u0160trukt\u00farovan\u00e1 kabel\u00e1\u017e Akt\u00edvne&hellip;<\/p>\n","protected":false},"author":1,"featured_media":0,"parent":0,"menu_order":0,"comment_status":"closed","ping_status":"closed","template":"","meta":{"footnotes":""},"_links":{"self":[{"href":"http:\/\/tech.sosthe.sk\/index.php\/wp-json\/wp\/v2\/pages\/14"}],"collection":[{"href":"http:\/\/tech.sosthe.sk\/index.php\/wp-json\/wp\/v2\/pages"}],"about":[{"href":"http:\/\/tech.sosthe.sk\/index.php\/wp-json\/wp\/v2\/types\/page"}],"author":[{"embeddable":true,"href":"http:\/\/tech.sosthe.sk\/index.php\/wp-json\/wp\/v2\/users\/1"}],"replies":[{"embeddable":true,"href":"http:\/\/tech.sosthe.sk\/index.php\/wp-json\/wp\/v2\/comments?post=14"}],"version-history":[{"count":14,"href":"http:\/\/tech.sosthe.sk\/index.php\/wp-json\/wp\/v2\/pages\/14\/revisions"}],"predecessor-version":[{"id":713,"href":"http:\/\/tech.sosthe.sk\/index.php\/wp-json\/wp\/v2\/pages\/14\/revisions\/713"}],"wp:attachment":[{"href":"http:\/\/tech.sosthe.sk\/index.php\/wp-json\/wp\/v2\/media?parent=14"}],"curies":[{"name":"wp","href":"https:\/\/api.w.org\/{rel}","templated":true}]}}