{"id":151,"date":"2020-04-02T12:55:40","date_gmt":"2020-04-02T10:55:40","guid":{"rendered":"http:\/\/tech.sosthe.sk\/?page_id=151"},"modified":"2020-09-03T20:12:40","modified_gmt":"2020-09-03T18:12:40","slug":"ing-milos-krupa","status":"publish","type":"page","link":"http:\/\/tech.sosthe.sk\/index.php\/ing-milos-krupa\/","title":{"rendered":"Ing. Milo\u0161 Krupa"},"content":{"rendered":"<h3 style=\"text-align: center;\"><span style=\"color: #000080;\">V \u0161kolskom roku 2020\/2021 vyu\u010dujem predmety:<\/span><\/h3>\n<h4 style=\"text-align: center;\"><a href=\"http:\/\/tech.sosthe.sk\/index.php\/prax\/\">Prax<\/a> v triede III.A<\/h4>\n<h4 style=\"text-align: center;\"><a href=\"http:\/\/tech.sosthe.sk\/index.php\/prax\/\">Prax<\/a> v triede III.B<\/h4>\n<h4 style=\"text-align: center;\"><a href=\"http:\/\/tech.sosthe.sk\/index.php\/prax\/\">Prax<\/a> v triede IV.B<\/h4>\n<h4 style=\"text-align: center;\"><a href=\"http:\/\/tech.sosthe.sk\/index.php\/sietove-technologie\/\">Sie\u0165ov\u00e9 technol\u00f3gie<\/a> v triede III.A<\/h4>\n<h4 style=\"text-align: center;\"><a href=\"http:\/\/epu.sosthe.sk\/\">Elektronick\u00e9 publikovanie<\/a> v triede IV.B<\/h4>\n<h4 style=\"text-align: center;\"><a href=\"http:\/\/tech.sosthe.sk\/index.php\/pocitacove-systemy\/\">Po\u010d\u00edta\u010dov\u00e9 syst\u00e9my<\/a> v triede IV.A<\/h4>\n<h4 style=\"text-align: center;\"><a href=\"http:\/\/tech.sosthe.sk\/index.php\/rozvoj-odboru\/\">Rozvoj odboru<\/a> v triede III.A<\/h4>\n<h3>Rozvrh hod\u00edn<\/h3>\n<p><img loading=\"lazy\" decoding=\"async\" src=\"http:\/\/tech.sosthe.sk\/wp-content\/uploads\/2020\/09\/rozvrh.png\" alt=\"rozvrh hod\u00edn\" width=\"969\" height=\"745\" \/><\/p>\n","protected":false},"excerpt":{"rendered":"<p>V \u0161kolskom roku 2020\/2021 vyu\u010dujem predmety: Prax v triede III.A Prax v triede III.B Prax v triede IV.B Sie\u0165ov\u00e9 technol\u00f3gie v triede III.A Elektronick\u00e9 publikovanie&hellip;<\/p>\n","protected":false},"author":1,"featured_media":0,"parent":0,"menu_order":0,"comment_status":"closed","ping_status":"closed","template":"","meta":{"footnotes":""},"_links":{"self":[{"href":"http:\/\/tech.sosthe.sk\/index.php\/wp-json\/wp\/v2\/pages\/151"}],"collection":[{"href":"http:\/\/tech.sosthe.sk\/index.php\/wp-json\/wp\/v2\/pages"}],"about":[{"href":"http:\/\/tech.sosthe.sk\/index.php\/wp-json\/wp\/v2\/types\/page"}],"author":[{"embeddable":true,"href":"http:\/\/tech.sosthe.sk\/index.php\/wp-json\/wp\/v2\/users\/1"}],"replies":[{"embeddable":true,"href":"http:\/\/tech.sosthe.sk\/index.php\/wp-json\/wp\/v2\/comments?post=151"}],"version-history":[{"count":8,"href":"http:\/\/tech.sosthe.sk\/index.php\/wp-json\/wp\/v2\/pages\/151\/revisions"}],"predecessor-version":[{"id":803,"href":"http:\/\/tech.sosthe.sk\/index.php\/wp-json\/wp\/v2\/pages\/151\/revisions\/803"}],"wp:attachment":[{"href":"http:\/\/tech.sosthe.sk\/index.php\/wp-json\/wp\/v2\/media?parent=151"}],"curies":[{"name":"wp","href":"https:\/\/api.w.org\/{rel}","templated":true}]}}