{"id":172,"date":"2020-04-02T22:04:43","date_gmt":"2020-04-02T20:04:43","guid":{"rendered":"http:\/\/tech.sosthe.sk\/?page_id=172"},"modified":"2020-04-03T17:31:35","modified_gmt":"2020-04-03T15:31:35","slug":"1-rocnik","status":"publish","type":"page","link":"http:\/\/tech.sosthe.sk\/index.php\/1-rocnik\/","title":{"rendered":"1. ro\u010dn\u00edk"},"content":{"rendered":"<h1 style=\"text-align: center;\">Z\u00e1klady elektroniky<\/h1>\n<p>Z\u00e1kladn\u00e9 elektrick\u00e9 jednotky a veli\u010diny:<\/p>\n<p><iframe loading=\"lazy\" title=\"#14 Elektronika pekne od za\u010diatku - Volty, Amp\u00e9re a Odpor - lekcia #1\" width=\"843\" height=\"474\" src=\"https:\/\/www.youtube.com\/embed\/2pcJSc7jN8I?feature=oembed\" frameborder=\"0\" allow=\"accelerometer; autoplay; encrypted-media; gyroscope; picture-in-picture\" allowfullscreen><\/iframe><\/p>\n<p>Rezistory:<\/p>\n<p><iframe loading=\"lazy\" title=\"#15 Elektronika pekne od za\u010diatku - Rezistor - lekcia #2\" width=\"843\" height=\"474\" src=\"https:\/\/www.youtube.com\/embed\/-OFvDuNxjro?feature=oembed\" frameborder=\"0\" allow=\"accelerometer; autoplay; encrypted-media; gyroscope; picture-in-picture\" allowfullscreen><\/iframe><\/p>\n<p>Kondenz\u00e1tory:<\/p>\n<p><iframe loading=\"lazy\" title=\"#17 Elektronika pekne od za\u010diatku - Kondenz\u00e1tor- lekcia #3\" width=\"843\" height=\"474\" src=\"https:\/\/www.youtube.com\/embed\/5uWK2vFRuM4?feature=oembed\" frameborder=\"0\" allow=\"accelerometer; autoplay; encrypted-media; gyroscope; picture-in-picture\" allowfullscreen><\/iframe><\/p>\n<p>Cievky, transform\u00e1tory:<\/p>\n<p><iframe loading=\"lazy\" title=\"#20 Elektronika pekne od za\u010diatku - Cievky, tlmivky, transformator - Lekcia #4\" width=\"843\" height=\"474\" src=\"https:\/\/www.youtube.com\/embed\/_bkDpEA8c3M?feature=oembed\" frameborder=\"0\" allow=\"accelerometer; autoplay; encrypted-media; gyroscope; picture-in-picture\" allowfullscreen><\/iframe><\/p>\n<p>Diody:<\/p>\n<p><iframe loading=\"lazy\" title=\"#24 Elektronika pekne od za\u010diatku - Diody - lekcia #5\" width=\"843\" height=\"474\" src=\"https:\/\/www.youtube.com\/embed\/KVi51dsNxwU?feature=oembed\" frameborder=\"0\" allow=\"accelerometer; autoplay; encrypted-media; gyroscope; picture-in-picture\" allowfullscreen><\/iframe><\/p>\n<p>Tranzistor:<\/p>\n<p><iframe loading=\"lazy\" title=\"#44 Elektronika pekne od za\u010diatku - Tranzistor - lekcia #6\" width=\"843\" height=\"474\" src=\"https:\/\/www.youtube.com\/embed\/xNpYkkaYm1E?feature=oembed\" frameborder=\"0\" allow=\"accelerometer; autoplay; encrypted-media; gyroscope; picture-in-picture\" allowfullscreen><\/iframe><\/p>\n<p>Tranzistor ako sp\u00edna\u010d:<\/p>\n<p><iframe loading=\"lazy\" title=\"#45 Elektronika pekne od za\u010diatku - Tranzistor ako spina\u010d (invertor) - lekcia #7\" width=\"843\" height=\"474\" src=\"https:\/\/www.youtube.com\/embed\/uuw2vMFEFAY?feature=oembed\" frameborder=\"0\" allow=\"accelerometer; autoplay; encrypted-media; gyroscope; picture-in-picture\" allowfullscreen><\/iframe><\/p>\n<p>Elektronick\u00e9 zna\u010dky a sch\u00e9my:<\/p>\n<p><iframe loading=\"lazy\" title=\"#79 Elektronika pekne od za\u010diatku, lekcia #8 Elekrotechnick\u00e9 zna\u010dky s\u00fa\u010diastok sch\u00e9maticky\" width=\"843\" height=\"474\" src=\"https:\/\/www.youtube.com\/embed\/qHfq_YMJAlQ?feature=oembed\" frameborder=\"0\" allow=\"accelerometer; autoplay; encrypted-media; gyroscope; picture-in-picture\" allowfullscreen><\/iframe><\/p>\n<p>&nbsp;<\/p>\n","protected":false},"excerpt":{"rendered":"<p>Z\u00e1klady elektroniky Z\u00e1kladn\u00e9 elektrick\u00e9 jednotky a veli\u010diny: Rezistory: Kondenz\u00e1tory: Cievky, transform\u00e1tory: Diody: Tranzistor: Tranzistor ako sp\u00edna\u010d: Elektronick\u00e9 zna\u010dky a sch\u00e9my: &nbsp;<\/p>\n","protected":false},"author":1,"featured_media":0,"parent":0,"menu_order":0,"comment_status":"closed","ping_status":"closed","template":"","meta":{"footnotes":""},"_links":{"self":[{"href":"http:\/\/tech.sosthe.sk\/index.php\/wp-json\/wp\/v2\/pages\/172"}],"collection":[{"href":"http:\/\/tech.sosthe.sk\/index.php\/wp-json\/wp\/v2\/pages"}],"about":[{"href":"http:\/\/tech.sosthe.sk\/index.php\/wp-json\/wp\/v2\/types\/page"}],"author":[{"embeddable":true,"href":"http:\/\/tech.sosthe.sk\/index.php\/wp-json\/wp\/v2\/users\/1"}],"replies":[{"embeddable":true,"href":"http:\/\/tech.sosthe.sk\/index.php\/wp-json\/wp\/v2\/comments?post=172"}],"version-history":[{"count":3,"href":"http:\/\/tech.sosthe.sk\/index.php\/wp-json\/wp\/v2\/pages\/172\/revisions"}],"predecessor-version":[{"id":210,"href":"http:\/\/tech.sosthe.sk\/index.php\/wp-json\/wp\/v2\/pages\/172\/revisions\/210"}],"wp:attachment":[{"href":"http:\/\/tech.sosthe.sk\/index.php\/wp-json\/wp\/v2\/media?parent=172"}],"curies":[{"name":"wp","href":"https:\/\/api.w.org\/{rel}","templated":true}]}}