{"id":18,"date":"2020-03-31T14:57:41","date_gmt":"2020-03-31T12:57:41","guid":{"rendered":"http:\/\/tech.sosthe.sk\/?page_id=18"},"modified":"2021-01-13T11:57:17","modified_gmt":"2021-01-13T10:57:17","slug":"kniznica","status":"publish","type":"page","link":"http:\/\/tech.sosthe.sk\/index.php\/kniznica\/","title":{"rendered":"Kni\u017enica"},"content":{"rendered":"<h3 style=\"text-align: center;\"><img loading=\"lazy\" decoding=\"async\" class=\"size-medium wp-image-63 aligncenter\" src=\"http:\/\/tech.sosthe.sk\/wp-content\/uploads\/2020\/04\/book_source-300x219.jpg\" alt=\"\" width=\"300\" height=\"219\" srcset=\"http:\/\/tech.sosthe.sk\/wp-content\/uploads\/2020\/04\/book_source-300x219.jpg 300w, http:\/\/tech.sosthe.sk\/wp-content\/uploads\/2020\/04\/book_source.jpg 590w\" sizes=\"(max-width: 300px) 100vw, 300px\" \/>Stiahni si \u0161t\u00fadijn\u00e9 materi\u00e1ly, elektronick\u00e9 knihy, prezent\u00e1cie, dokumenty ako doplnok k v\u00fduke:<\/h3>\n<p>\u0160abl\u00f3na pre tvorbu protokolov z cvi\u010den\u00ed: <strong><a href=\"http:\/\/tech.sosthe.sk\/subory\/protokol.dotx\">protokol<\/a><\/strong><\/p>\n<p>\u0160abl\u00f3na pre tvorbu protokolu na praktickej \u010dasti maturitnej sk\u00fa\u0161ky: <strong><a href=\"http:\/\/tech.sosthe.sk\/subory\/list_maturita.dotx\">list_maturita<\/a><\/strong><\/p>\n<p>Prihl\u00e1\u0161ka na vykonanie sk\u00fa\u0161ky Odbornej sp\u00f4sobilosti Elektrotechnikov: <strong><a href=\"http:\/\/tech.sosthe.sk\/wp-content\/uploads\/2020\/05\/prihlaska-sposobilost.doc\">prihl\u00e1\u0161ka<\/a><\/strong><\/p>\n<p>Program na kreslenie sch\u00e9m pre Arduino, Fritzing:\u00a0 \u00a0<a href=\"http:\/\/tech.sosthe.sk\/subory\/fritzing.rar\"><strong>fritzing<\/strong><\/a><\/p>\n","protected":false},"excerpt":{"rendered":"<p>Stiahni si \u0161t\u00fadijn\u00e9 materi\u00e1ly, elektronick\u00e9 knihy, prezent\u00e1cie, dokumenty ako doplnok k v\u00fduke: \u0160abl\u00f3na pre tvorbu protokolov z cvi\u010den\u00ed: protokol \u0160abl\u00f3na pre tvorbu protokolu na praktickej&hellip;<\/p>\n","protected":false},"author":1,"featured_media":0,"parent":0,"menu_order":0,"comment_status":"closed","ping_status":"closed","template":"","meta":{"footnotes":""},"_links":{"self":[{"href":"http:\/\/tech.sosthe.sk\/index.php\/wp-json\/wp\/v2\/pages\/18"}],"collection":[{"href":"http:\/\/tech.sosthe.sk\/index.php\/wp-json\/wp\/v2\/pages"}],"about":[{"href":"http:\/\/tech.sosthe.sk\/index.php\/wp-json\/wp\/v2\/types\/page"}],"author":[{"embeddable":true,"href":"http:\/\/tech.sosthe.sk\/index.php\/wp-json\/wp\/v2\/users\/1"}],"replies":[{"embeddable":true,"href":"http:\/\/tech.sosthe.sk\/index.php\/wp-json\/wp\/v2\/comments?post=18"}],"version-history":[{"count":13,"href":"http:\/\/tech.sosthe.sk\/index.php\/wp-json\/wp\/v2\/pages\/18\/revisions"}],"predecessor-version":[{"id":816,"href":"http:\/\/tech.sosthe.sk\/index.php\/wp-json\/wp\/v2\/pages\/18\/revisions\/816"}],"wp:attachment":[{"href":"http:\/\/tech.sosthe.sk\/index.php\/wp-json\/wp\/v2\/media?parent=18"}],"curies":[{"name":"wp","href":"https:\/\/api.w.org\/{rel}","templated":true}]}}