{"id":431,"date":"2020-04-06T14:55:53","date_gmt":"2020-04-06T12:55:53","guid":{"rendered":"http:\/\/tech.sosthe.sk\/?page_id=431"},"modified":"2020-04-06T21:29:14","modified_gmt":"2020-04-06T19:29:14","slug":"cisco-ios","status":"publish","type":"page","link":"http:\/\/tech.sosthe.sk\/index.php\/ccna\/cisco-ios\/","title":{"rendered":"Cisco IOS"},"content":{"rendered":"<ol>\n<li>\n<h4><a href=\"http:\/\/tech.sosthe.sk\/index.php\/ccna\/1-co-je-to-ios-a-ako-pracuje\/\">\u010co je to IOS a ako pracuje<\/a><\/h4>\n<\/li>\n<li>\n<h4><a href=\"http:\/\/tech.sosthe.sk\/index.php\/ccna\/2-verzia-upgrade-a-zaloha-iosu\/\">Verzia, upgrade a z\u00e1loha IOSu<\/a><\/h4>\n<\/li>\n<li>\n<h4><a href=\"http:\/\/tech.sosthe.sk\/index.php\/ccna\/3-nastavenie-interface-portu-access-trunk-port-security\/\">Nastavenie interface \/ portu \u2013 access, trunk, port security<\/a><\/h4>\n<\/li>\n<li>\n<h4><a href=\"http:\/\/tech.sosthe.sk\/index.php\/ccna\/4-reset-password-recovery\/\">Reset, password recovery<\/a><\/h4>\n<\/li>\n<li>\n<h4><a href=\"http:\/\/tech.sosthe.sk\/index.php\/ccna\/cisco-ios\/5-komunikacia-so-switchom\/\">Komunik\u00e1cia so switchom<\/a><\/h4>\n<\/li>\n<li>\n<h4><a href=\"http:\/\/tech.sosthe.sk\/index.php\/ccna\/cisco-ios\/6-uvodna-konfiguracia-switcha\/\">\u00davodn\u00e1 konfigur\u00e1cia switcha<\/a><\/h4>\n<\/li>\n<li>\n<h4><a href=\"http:\/\/tech.sosthe.sk\/index.php\/ccna\/cisco-ios\/7-konfiguracia-vlan-vtp\/\">Konfigur\u00e1cia VLAN, VTP<\/a><\/h4>\n<\/li>\n<li>\n<h4><a href=\"http:\/\/tech.sosthe.sk\/index.php\/ccna\/cisco-ios\/8-acl-access-control-list\/\">ACL \u2013 Access Control List<\/a><\/h4>\n<\/li>\n<li>\n<h3><a href=\"http:\/\/tech.sosthe.sk\/index.php\/ccna\/cisco-ios\/9-spanning-tree-protocol\/\">Spanning Tree Protocol<\/a><\/h3>\n<\/li>\n<li>\n<h3><a href=\"http:\/\/tech.sosthe.sk\/index.php\/ccna\/cisco-ios\/10-rapid-spanning-tree-protocol\/\">Rapid Spanning Tree Protocol<\/a><\/h3>\n<\/li>\n<li>\n<h3><a href=\"http:\/\/tech.sosthe.sk\/index.php\/ccna\/cisco-ios\/11-ieee-802-1x-autentizacia-k-portu-ms-ias\/\">IEEE 802.1x, autentiz\u00e1cia k portu, MS IAS<\/a><\/h3>\n<\/li>\n<li>\n<h3><a href=\"http:\/\/tech.sosthe.sk\/index.php\/ccna\/cisco-ios\/12-ieee-802-1xa-pokrocilejsie-funkcie\/\">IEEE 802.1xa pokro\u010dilej\u0161ie funkcie<\/a><\/h3>\n<\/li>\n<li>\n<h3><a href=\"http:\/\/tech.sosthe.sk\/index.php\/ccna\/cisco-ios\/13-dhcp-sluzby-na-switchi\/\">DHCP slu\u017eby na switchi<\/a><\/h3>\n<\/li>\n<li>\n<h3><a href=\"http:\/\/tech.sosthe.sk\/index.php\/ccna\/cisco-ios\/14-tipy-pre-beznu-pracu\/\">Tipy pre be\u017en\u00fa pr\u00e1cu<\/a><\/h3>\n<\/li>\n<li>\n<h3><a href=\"http:\/\/tech.sosthe.sk\/index.php\/ccna\/cisco-ios\/15-zalohy-a-obnovy-konfiguracie-a-obrazov-ios\/\">Z\u00e1lohy a obnovy konfigur\u00e1cie a obrazov IOS<\/a><\/h3>\n<\/li>\n<li>\n<h3><a href=\"http:\/\/tech.sosthe.sk\/index.php\/ccna\/cisco-ios\/16-hsrp-hot-standby-routing-protocol\/\">HSRP \u2013 Hot Standby Routing Protocol<\/a><\/h3>\n<\/li>\n<li>\n<h3><a href=\"http:\/\/tech.sosthe.sk\/index.php\/ccna\/cisco-ios\/17-viac-switchov-ako-stack-technologia-stackwise\/\">Viac switchov ako Stack \u2013 technol\u00f3gia StackWise<\/a><\/h3>\n<\/li>\n<li>\n<h3><a href=\"http:\/\/tech.sosthe.sk\/index.php\/ccna\/cisco-ios\/18-inter-vlan-routing-a-acl-smerovanie-medzi-vlany\/\">Inter-VLAN routing a ACL \u2013 smerovanie medzi VLANy<\/a><\/h3>\n<\/li>\n<\/ol>\n<p>&nbsp;<\/p>\n<p>Spracovan\u00e9 pod\u013ea seri\u00e1lu <a href=\"https:\/\/www.samuraj-cz.com\/clanek\/cisco-ios-1-uvod-prikaz-show\/\">Cisco IOS<\/a>\u00a0 Petra Bou\u0161ka na <a href=\"https:\/\/www.samuraj-cz.com\/\">samuraj-cz.com.<\/a><\/p>\n","protected":false},"excerpt":{"rendered":"<p>\u010co je to IOS a ako pracuje Verzia, upgrade a z\u00e1loha IOSu Nastavenie interface \/ portu \u2013 access, trunk, port security Reset, password recovery Komunik\u00e1cia&hellip;<\/p>\n","protected":false},"author":1,"featured_media":0,"parent":102,"menu_order":1,"comment_status":"closed","ping_status":"closed","template":"","meta":{"footnotes":""},"_links":{"self":[{"href":"http:\/\/tech.sosthe.sk\/index.php\/wp-json\/wp\/v2\/pages\/431"}],"collection":[{"href":"http:\/\/tech.sosthe.sk\/index.php\/wp-json\/wp\/v2\/pages"}],"about":[{"href":"http:\/\/tech.sosthe.sk\/index.php\/wp-json\/wp\/v2\/types\/page"}],"author":[{"embeddable":true,"href":"http:\/\/tech.sosthe.sk\/index.php\/wp-json\/wp\/v2\/users\/1"}],"replies":[{"embeddable":true,"href":"http:\/\/tech.sosthe.sk\/index.php\/wp-json\/wp\/v2\/comments?post=431"}],"version-history":[{"count":5,"href":"http:\/\/tech.sosthe.sk\/index.php\/wp-json\/wp\/v2\/pages\/431\/revisions"}],"predecessor-version":[{"id":528,"href":"http:\/\/tech.sosthe.sk\/index.php\/wp-json\/wp\/v2\/pages\/431\/revisions\/528"}],"up":[{"embeddable":true,"href":"http:\/\/tech.sosthe.sk\/index.php\/wp-json\/wp\/v2\/pages\/102"}],"wp:attachment":[{"href":"http:\/\/tech.sosthe.sk\/index.php\/wp-json\/wp\/v2\/media?parent=431"}],"curies":[{"name":"wp","href":"https:\/\/api.w.org\/{rel}","templated":true}]}}