{"id":596,"date":"2020-04-08T21:03:04","date_gmt":"2020-04-08T19:03:04","guid":{"rendered":"http:\/\/tech.sosthe.sk\/?page_id=596"},"modified":"2020-04-09T00:41:54","modified_gmt":"2020-04-08T22:41:54","slug":"sietove-nastroje-v-os-windows","status":"publish","type":"page","link":"http:\/\/tech.sosthe.sk\/index.php\/odborne-predmety\/pocitacove-systemy\/sietove-nastroje-v-os-windows\/","title":{"rendered":"Sie\u0165ov\u00e9 n\u00e1stroje v OS Windows"},"content":{"rendered":"<h3>Ping<\/h3>\n<p>Program <strong>ping <\/strong>(anglicky <strong>P<\/strong>acket <strong>I<\/strong>nter<strong>N<\/strong>et <strong>G<\/strong>roper) umo\u017e\u0148uje preveri\u0165 funk\u010dnos\u0165 spojenia medzi dvoma sie\u0165ov\u00fdmi rozhraniami (po\u010d\u00edta\u010da alebo sie\u0165ov\u00e9ho zariadenia) v po\u010d\u00edta\u010dovej sieti, ktor\u00e9 pou\u017e\u00edva rodinu protokolov TCP\/IP . <em>Ping<\/em> pri svojej \u010dinnosti periodicky odosiela IP datagramy a o\u010dak\u00e1va odozvu protistrany. Pri \u00faspe\u0161nom obdr\u017ean\u00ed odpovede vyp\u00ed\u0161e d\u013a\u017eku oneskorenia (latenciu) a na z\u00e1ver \u0161tatistick\u00fd s\u00fahrn.<br \/>\nParametrom programu <em>ping<\/em> je dom\u00e9nov\u00e9 meno alebo IP adresa sie\u0165ov\u00e9ho rozhrania, ktor\u00e9ho dostupnos\u0165 chceme preveri\u0165. Ak je uveden\u00e9 dom\u00e9nov\u00e9 meno, je najprv prelo\u017een\u00e9 pomocou DNS na IP adresu. Program vyu\u017e\u00edva spr\u00e1vy Echo Request (typ 8, v\u00fdzva) a Echo Reply (typ 0, odpove\u010f) protokolu ICMP. V\u00fdzvy s\u00fa odosielan\u00e9 na cie\u013eov\u00fa IP adresu a v stanovenom limite sa o\u010dak\u00e1va odpove\u010f (typicky 3 sekundy). Jednotliv\u00e9 v\u00fdzvy obsahuj\u00fa \u010d\u00edsla (icmp_seq), pod\u013ea ktor\u00fdch je mo\u017en\u00e9 identifikova\u0165 jednotliv\u00e9 odpovede alebo ich stratu. Program priebe\u017ene vypisuje, ktor\u00e9 odpovede u\u017e do\u0161li a s ak\u00fdm oneskoren\u00edm (latenciou).<\/p>\n<p>Mo\u017enosti:<br \/>\n<strong>-t<\/strong> : Odosiela\u0165 \u017eiadosti a\u017e do preru\u0161enia pomocou kombin\u00e1cie kl\u00e1vesov <em><strong>Ctrl+C<\/strong><\/em><br \/>\n<strong>-l<\/strong> : Ve\u013ekos\u0165 paketu<br \/>\n<strong>-i<\/strong> : TTL paketu (maxim\u00e1lny po\u010det skokov k cie\u013eu)<br \/>\nPre popis ostatn\u00fdch pou\u017eite:<\/p>\n<pre><span style=\"font-size: 10pt;\">ping \/?<\/span><\/pre>\n<p>Pr\u00edklad v\u00fdpisu:<\/p>\n<p><img loading=\"lazy\" decoding=\"async\" class=\"aligncenter wp-image-597 \" src=\"http:\/\/tech.sosthe.sk\/wp-content\/uploads\/2020\/04\/ping.png\" alt=\"\" width=\"412\" height=\"257\" srcset=\"http:\/\/tech.sosthe.sk\/wp-content\/uploads\/2020\/04\/ping.png 588w, http:\/\/tech.sosthe.sk\/wp-content\/uploads\/2020\/04\/ping-300x187.png 300w\" sizes=\"(max-width: 412px) 100vw, 412px\" \/><\/p>\n<p>Vo v\u00fdpise je vidie\u0165, \u017ee \u0161tandardn\u00fd program <em>ping<\/em> v syst\u00e9me Microsoft Windows neumo\u017e\u0148uje mera\u0165 s presnos\u0165ou v\u00e4\u010d\u0161ou ako 1 milisekunda. <em>Ping<\/em> skon\u010d\u00ed automaticky po 4 pokusoch.<\/p>\n<p>&nbsp;<\/p>\n<h3>Pathping<\/h3>\n<p>Je to v podstate vylep\u0161en\u00fd n\u00e1stroj <em>ping<\/em> (je dostupn\u00fd od Windows 2000). Ten okrem prost\u00fdch \u0161tatist\u00edk zobrazuje aj podrobn\u00e9 inform\u00e1cie o v\u0161etk\u00fdch prvkoch, ktor\u00fdmi testovac\u00ed packet pre\u0161iel. Z\u00edskate tak preh\u013ead o \u0161trukt\u00fare cesty a dozviete sa pr\u00edpadn\u00e9 zdroje probl\u00e9mu presne pod\u013ea topologick\u00e9ho usporiadania jednotliv\u00fdch bodov.<br \/>\nPr\u00edkaz <em>PathPing<\/em> dovo\u013euje odhali\u0165 probl\u00e9m v jednotliv\u00fdch \u010dastiach smerovania. Pr\u00e1ve oneskorenie medzi jednotliv\u00fdmi takzvan\u00fdmi &#8222;hopmi&#8220; m\u00f4\u017ee prezradi\u0165 nefunk\u010dnos\u0165 konkr\u00e9tneho bodu sie\u0165ov\u00e9 cesty. Rovnako tak v\u00fdznamn\u00fdm parametrom je miera pr\u00edpadne straten\u00fdch parametrov na tejto trase.<br \/>\nNajjednoduch\u0161ie pou\u017eitie pr\u00edkazu <em>PathPing<\/em> je iba s jedin\u00fdm parametrom, ktor\u00fd \u0161pecifikuje testovan\u00fd po\u010d\u00edta\u010d. Na prvom mieste trasy je v\u017edy v\u00e1\u0161 po\u010d\u00edta\u010d, z ktor\u00e9ho je packet vyslan\u00fd, jedn\u00e1 sa o prv\u00fd bod pl\u00e1novanej trasy. Potom s\u00fa postupne vyp\u00edsan\u00e9 jednotliv\u00e9 stroje na ceste k cie\u013eu, a to ako pomocou ich n\u00e1zvov, tak prostredn\u00edctvom pridru\u017een\u00fdch IP adries.<\/p>\n<p><img loading=\"lazy\" decoding=\"async\" class=\"aligncenter wp-image-600 \" src=\"http:\/\/tech.sosthe.sk\/wp-content\/uploads\/2020\/04\/pathping.png\" alt=\"\" width=\"433\" height=\"273\" srcset=\"http:\/\/tech.sosthe.sk\/wp-content\/uploads\/2020\/04\/pathping.png 716w, http:\/\/tech.sosthe.sk\/wp-content\/uploads\/2020\/04\/pathping-300x189.png 300w\" sizes=\"(max-width: 433px) 100vw, 433px\" \/><br \/>\nNa z\u00e1ver sa pri z\u00e1kladnom pou\u017eit\u00ed pr\u00edkazu <em>PathPing<\/em> automaticky vypo\u010d\u00edtaj\u00fa odozvy medzi jednotliv\u00fdmi bodmi na spom\u00ednan\u00e9 trasy a zobraz\u00ed sa v s\u00fahrnnej tabu\u013eke.<\/p>\n<p>Ak sa stretnete s probl\u00e9mom pri prev\u00e1dzan\u00ed jednotliv\u00fdch IP adries smerova\u010dov na trase, ktor\u00e1 nasleduje po spusten\u00ed pr\u00edkazu PathPing, pou\u017eite parameter<strong> -n<\/strong> . Nielen\u017ee m\u00f4\u017eete z\u00edska\u0165 presnej\u0161\u00ed preh\u013ead o \u0161trukt\u00fare siete s vypusten\u00edm dan\u00e9ho st\u013apca, z\u00e1rove\u0148 aj ur\u00fdchlite kompletn\u00fd v\u00fdpis.<\/p>\n<p>\u010eal\u0161ie odstr\u00e1nenie probl\u00e9mov \u010dasto poskytne parameter<strong> -w<\/strong> , ak na trase ned\u00f4jde k odpovedi do 3 s, je automaticky detekovan\u00e1 chyba &#8211; v\u010faka tomuto parametru v\u0161ak m\u00f4\u017eete oneskorenie nav\u00fd\u0161i\u0165 a necha\u0165 dan\u00e9mu smerova\u010du dlh\u0161iu dobu na spracovanie po\u017eiadavky. Preh\u013ead \u010fal\u0161\u00edch mo\u017enost\u00ed z\u00edskate vlo\u017een\u00edm pr\u00edkazu<\/p>\n<pre><span style=\"font-size: 10pt;\">pathping \/?<\/span><\/pre>\n<h3><\/h3>\n<h3>Tracert<\/h3>\n<p>Ak potrebujete overi\u0165 dostupnos\u0165 po\u010d\u00edta\u010da alebo in\u00e9ho zariadenia v sieti, pri\u010dom chcete z\u00edska\u0165 podrobn\u00e9 inform\u00e1cie o jednotliv\u00fdch prvkoch po trase pou\u017eite n\u00e1stroj <em>tracert<\/em>.<br \/>\nTen odosiela ICMP pakety so zvy\u0161uj\u00facimi sa hodnotami TTL a vypisuje trasu podobne, ako tomu bolo v pr\u00edpade u\u017e spom\u00ednan\u00e9ho n\u00e1stroja <em>PathPing<\/em>. <em>Tracert<\/em> oproti pr\u00edkazu <em>PathPing<\/em> okrem in\u00e9ho nepo\u010d\u00edta \u0161tatistiku str\u00e1t po\u010das spojenia a vo v\u00fdsledku m\u00f4\u017ee pon\u00faknu\u0165 r\u00fdchlej\u0161\u00ed mo\u017enos\u0165 v\u00fdpisu trasy od v\u00e1\u0161ho po\u010d\u00edta\u010da k testovan\u00e9mu cie\u013eu. Najjednoduch\u0161ie pou\u017eitie pr\u00edkazu <em>tracert<\/em> spo\u010d\u00edva v doplnen\u00ed o jedin\u00fd parameter, ktor\u00fdm je n\u00e1zov alebo IP-adresa vzdialen\u00e9ho po\u010d\u00edta\u010da.<\/p>\n<p><img loading=\"lazy\" decoding=\"async\" class=\"aligncenter wp-image-601 \" src=\"http:\/\/tech.sosthe.sk\/wp-content\/uploads\/2020\/04\/tracert.png\" alt=\"\" width=\"526\" height=\"261\" srcset=\"http:\/\/tech.sosthe.sk\/wp-content\/uploads\/2020\/04\/tracert.png 816w, http:\/\/tech.sosthe.sk\/wp-content\/uploads\/2020\/04\/tracert-300x149.png 300w, http:\/\/tech.sosthe.sk\/wp-content\/uploads\/2020\/04\/tracert-768x380.png 768w\" sizes=\"(max-width: 526px) 100vw, 526px\" \/><br \/>\nAko m\u00f4\u017eete z uveden\u00e9ho uk\u00e1\u017ekov\u00e9ho v\u00fdpisu vy\u010d\u00edta\u0165, zobrazuj\u00fa sa \u0161tatistiky r\u00fdchlosti prenosu aj jednotliv\u00e9 adresy na trase k cie\u013eov\u00e9mu po\u010d\u00edta\u010du. Ak by ste potrebovali pou\u017eitie pr\u00edkazu <em>tracert<\/em> ur\u00fdchli\u0165, m\u00f4\u017eete aj tu vypn\u00fa\u0165 preklad jednotliv\u00fdch adries na trase pomocou parametra <strong>-d<\/strong> . Ak by v\u00e1m navy\u0161e nesta\u010dil predvolen\u00fd po\u010det 30 smerovanie, m\u00e1te mo\u017enos\u0165 ho zv\u00fd\u0161i\u0165 alebo zn\u00ed\u017ei\u0165 pomocou parametra <strong>-h<\/strong> . Ak si prajete z\u00edska\u0165 kompletn\u00fd preh\u013ead parametrov, pou\u017eite pr\u00edkaz<\/p>\n<pre><span style=\"font-size: 10pt;\">tracert \/?<\/span><\/pre>\n<h3><\/h3>\n<h3>Ipconfig<\/h3>\n<p>Pomocou tohto n\u00e1stroja mo\u017eno zobrazi\u0165 konfigur\u00e1ciu sie\u0165ov\u00fdch adapt\u00e9rov protokolov TCP\/IP a umo\u017e\u0148uje s nimi vykon\u00e1va\u0165 z\u00e1kladn\u00e9 oper\u00e1cie. Mo\u017eno tak napr\u00edklad zisti\u0165 aktu\u00e1lnu pridelen\u00fa IP adresu \u010di Mac adresu (fyzick\u00fa adresu) sie\u0165ov\u00fdch adapt\u00e9rov.<\/p>\n<p><img loading=\"lazy\" decoding=\"async\" class=\"aligncenter wp-image-604 \" src=\"http:\/\/tech.sosthe.sk\/wp-content\/uploads\/2020\/04\/ipconfig.png\" alt=\"\" width=\"401\" height=\"258\" srcset=\"http:\/\/tech.sosthe.sk\/wp-content\/uploads\/2020\/04\/ipconfig.png 708w, http:\/\/tech.sosthe.sk\/wp-content\/uploads\/2020\/04\/ipconfig-300x193.png 300w\" sizes=\"(max-width: 401px) 100vw, 401px\" \/><\/p>\n<p>Mo\u017enosti:<\/p>\n<p>ipconfig \/all\u00a0 &#8211; vyp\u00ed\u0161e v\u0161etky parametre sie\u0165ov\u00fdch nastaven\u00ed v\u0161etk\u00fdch dostupn\u00fdch adapt\u00e9rov a pripojen\u00ed (IP adresa, MAC adresa, N\u00e1zov po\u010d\u00edta\u010da, Proxy, Maska podsiete, ,DHCP, DNS).<\/p>\n<p>ipconfig \/release &#8211; zru\u0161\u00ed nastavenie DHCP servera<br \/>\nipconfig \/renew &#8211; pridel\u00ed nov\u00e9 nastavenie DHCP servera<br \/>\nipconfig \/flushdns &#8211; vyma\u017ee DNS cache<br \/>\nipconfig \/registerdns &#8211; zaregistruje DNS<\/p>\n<p>&nbsp;<\/p>\n<h3>Nslookup<\/h3>\n<p>Je to n\u00e1stroj pr\u00edkazov\u00e9ho riadka pre spr\u00e1vu siete dostupn\u00fd v mnoh\u00fdch opera\u010dn\u00fdch syst\u00e9moch. Sl\u00fa\u017ei pre dotazovanie na dom\u00e9nov\u00e9 meno, IP adresu, mapovanie alebo pre in\u00e9 vlastnosti DNS z\u00e1znamu.<br \/>\nN\u00e1zov <em>nslookup<\/em> znamen\u00e1 meno vyh\u013ead\u00e1vacieho servera. <em>Nslookup<\/em> pou\u017e\u00edva pre rie\u0161enie ot\u00e1zok lok\u00e1lne DNS kni\u017enicu, ktor\u00fa obsahuje opera\u010dn\u00fd syst\u00e9m.<br \/>\n<em>Nslookup<\/em> sa pou\u017e\u00edva bu\u010f v interakt\u00edvnom alebo neinterakt\u00edvnom m\u00f3de. Ak sa program <em>nslookup<\/em> sp\u00fa\u0161\u0165a interakt\u00edvne bez argumentov, u\u017e\u00edvate\u013e je postupne vyzvan\u00fd, aby zadal parametre dotazu. Symbolom interakt\u00edvneho pou\u017eitia je (&#8218;&gt;&#8216;). Ak chce pou\u017e\u00edvate\u013e spusti\u0165 program <em>nslookup<\/em> neinterakt\u00edvne, prid\u00e1 argumenty do pr\u00edkazov\u00e9ho riadku (pri volan\u00ed programu).<\/p>\n<p><img loading=\"lazy\" decoding=\"async\" class=\"aligncenter wp-image-605 \" src=\"http:\/\/tech.sosthe.sk\/wp-content\/uploads\/2020\/04\/nslookup.png\" alt=\"\" width=\"347\" height=\"241\" srcset=\"http:\/\/tech.sosthe.sk\/wp-content\/uploads\/2020\/04\/nslookup.png 539w, http:\/\/tech.sosthe.sk\/wp-content\/uploads\/2020\/04\/nslookup-300x208.png 300w\" sizes=\"(max-width: 347px) 100vw, 347px\" \/><\/p>\n<p>Z\u00e1znam typu AA je ozna\u010dovan\u00fd ako authoritative (uv\u00e1dza v\u017edy priamo IP adresu) a z\u00e1znam CNAME alebo MX ako non-authoritative.<br \/>\nProgram <em>nslookup<\/em> vie tie\u017e zobrazi\u0165 reverzn\u00e9 z\u00e1znamy, \u010do s\u00fa sp\u00e4tn\u00e9 z\u00e1znamy, kedy je preveden\u00e1 IP adresa na n\u00e1zov dom\u00e9ny. \u010ealej sa v tomto dotaze zobrazia tie\u017e name servery, kde je reverzn\u00fd z\u00e1znam z\u00edskan\u00fd.<\/p>\n<p>&nbsp;<\/p>\n<h3>NetStat (Network statistics)<\/h3>\n<p>Tento n\u00e1stroj poskytuje u\u017e\u00edvate\u013eovi ve\u013emi zauj\u00edmav\u00e9 \u00fadaje o aktu\u00e1lnych sie\u0165ov\u00fdch spojeniach a rozhran\u00ed.\u00a0V\u010faka tomu je mo\u017en\u00e9 transparentne zisti\u0165, ktor\u00e9 v\u0161etky aplik\u00e1cie a ak\u00fdm sp\u00f4sobom vyu\u017e\u00edvaj\u00fa moment\u00e1lne na\u0161e sie\u0165ov\u00e9 pripojenie, \u010do m\u00f4\u017ee by\u0165 u\u017eito\u010dn\u00e9, ak chceme napr\u00edklad pozna\u0165 v\u0161etk\u00fdch p\u00f4vodcov zaberaj\u00facich prenosov\u00fa kapacitu a teda zni\u017euj\u00facich n\u00e1m dostupn\u00fa r\u00fdchlos\u0165 pripojenia.<\/p>\n<p>Program sa spust\u00ed pr\u00edkazom:<\/p>\n<pre><span style=\"font-size: 10pt;\">netstat<\/span><\/pre>\n<p><img loading=\"lazy\" decoding=\"async\" class=\"aligncenter wp-image-606 \" src=\"http:\/\/tech.sosthe.sk\/wp-content\/uploads\/2020\/04\/netstat.png\" alt=\"\" width=\"412\" height=\"235\" srcset=\"http:\/\/tech.sosthe.sk\/wp-content\/uploads\/2020\/04\/netstat.png 615w, http:\/\/tech.sosthe.sk\/wp-content\/uploads\/2020\/04\/netstat-300x171.png 300w\" sizes=\"(max-width: 412px) 100vw, 412px\" \/><\/p>\n<p>U\u017eito\u010dn\u00e9 s\u00fa potom aj jeho parametre (\u010fal\u0161ie zist\u00edme zadan\u00edm: <em>netstat \/?<\/em>):<\/p>\n<p><strong>-a<\/strong> &#8230; poskytuje inform\u00e1cie o v\u0161etk\u00fdch sie\u0165ov\u00fdch pripojeniach<\/p>\n<p><strong>-b<\/strong> &#8230; zobraz\u00ed n\u00e1zvy aplik\u00e1ci\u00ed (spustite\u013en\u00e9 s\u00fabory) ktor\u00e9 sie\u0165ov\u00e9 spojenie vytvorili<\/p>\n<p><strong>-f<\/strong> &#8230; pre sie\u0165ov\u00e9 adresy zobrazuje ich dom\u00e9nov\u00e9 n\u00e1zvy (funguje vo Windows Vista a nov\u0161\u00edch)<\/p>\n<p><strong>-e<\/strong> &#8230; zobraz\u00ed \u0161tatistiku odoslan\u00fdch a prijat\u00fdch d\u00e1t<\/p>\n<p>&nbsp;<\/p>\n<h3>Arp<\/h3>\n<p>Pr\u00edkaz <em>arp<\/em> sl\u00fa\u017ei na pr\u00e1cu s ARP tabu\u013ekou (mapovanie IP adries na MAC adresy).<\/p>\n<ul>\n<li><code>arp -a<\/code>\u00a0&#8211; vyp\u00ed\u0161e ARP tabu\u013eku<\/li>\n<li><code>arp -d 157.55.85.212<\/code> &#8211; zma\u017ee z\u00e1znam k zadanej IP<\/li>\n<li><code>arp -s 157.55.85.212 00-aa-00-62-c6-09<\/code> &#8211; vlo\u017e\u00ed z\u00e1znam pre zadan\u00fa IP<\/li>\n<\/ul>\n<p><img loading=\"lazy\" decoding=\"async\" class=\"aligncenter wp-image-608 \" src=\"http:\/\/tech.sosthe.sk\/wp-content\/uploads\/2020\/04\/arp.png\" alt=\"\" width=\"314\" height=\"238\" srcset=\"http:\/\/tech.sosthe.sk\/wp-content\/uploads\/2020\/04\/arp.png 537w, http:\/\/tech.sosthe.sk\/wp-content\/uploads\/2020\/04\/arp-300x228.png 300w\" sizes=\"(max-width: 314px) 100vw, 314px\" \/><\/p>\n<p>&nbsp;<\/p>\n<h3>Getmac<\/h3>\n<p>Pomocou pr\u00edkazu getmac m\u00f4\u017eeme zisti\u0165 MAC adresu k sie\u0165ov\u00fdm rozhraniam v po\u010d\u00edta\u010di. Naj\u010dastej\u0161ie sa pou\u017e\u00edva z\u00e1pis:<\/p>\n<pre><span style=\"font-size: 10pt;\">getmac \/v<\/span><\/pre>\n<p><img loading=\"lazy\" decoding=\"async\" class=\"aligncenter wp-image-612 \" src=\"http:\/\/tech.sosthe.sk\/wp-content\/uploads\/2020\/04\/getmac-1024x289.png\" alt=\"\" width=\"733\" height=\"207\" srcset=\"http:\/\/tech.sosthe.sk\/wp-content\/uploads\/2020\/04\/getmac-1024x289.png 1024w, http:\/\/tech.sosthe.sk\/wp-content\/uploads\/2020\/04\/getmac-300x85.png 300w, http:\/\/tech.sosthe.sk\/wp-content\/uploads\/2020\/04\/getmac-768x217.png 768w, http:\/\/tech.sosthe.sk\/wp-content\/uploads\/2020\/04\/getmac.png 1028w\" sizes=\"(max-width: 733px) 100vw, 733px\" \/><\/p>\n<p>&nbsp;<\/p>\n<h3>Route<\/h3>\n<p>Pr\u00edkaz route sl\u00fa\u017ei na pr\u00e1cu s routovacou tabu\u013ekou. Naj\u010dastej\u0161ie sa pou\u017e\u00edva v\u00fdpis routovacej tabu\u013eky pomocou pr\u00edkazu:<\/p>\n<pre>route PRINT<\/pre>\n<p><img loading=\"lazy\" decoding=\"async\" class=\"aligncenter wp-image-609 \" src=\"http:\/\/tech.sosthe.sk\/wp-content\/uploads\/2020\/04\/route.png\" alt=\"\" width=\"415\" height=\"394\" srcset=\"http:\/\/tech.sosthe.sk\/wp-content\/uploads\/2020\/04\/route.png 740w, http:\/\/tech.sosthe.sk\/wp-content\/uploads\/2020\/04\/route-300x285.png 300w\" sizes=\"(max-width: 415px) 100vw, 415px\" \/><\/p>\n<p>\u010ealej je mo\u017en\u00e9 pou\u017ei\u0165 pr\u00edkazy:<\/p>\n<p><strong>ADD<\/strong>\u00a0 &#8211; pridanie routovacej tabu\u013eky<\/p>\n<p><strong>DELETE<\/strong> &#8211; zmazanie routovacej tabu\u013eky<\/p>\n<p><strong>CHANGE<\/strong> &#8211; \u00faprava routovacej tabu\u013eky<\/p>\n<p>&nbsp;<\/p>\n<h3><strong>Nbtstat<\/strong><\/h3>\n<p>Pr\u00edkaz <em>nbtstat<\/em> sl\u00fa\u017ei na pr\u00e1cu s NetBIOS, hlavne pre rie\u0161enie probl\u00e9mov so sie\u0165ou Microsoft Network.<\/p>\n<p>Mo\u017enosti<\/p>\n<ul>\n<li><code>nbtstat -n<\/code> &#8211; lok\u00e1lne registrovan\u00e9 men\u00e1<\/li>\n<li><code>nbtstat -c<\/code>\u00a0&#8211; zobraz\u00ed obsah NetBIOS cache<\/li>\n<li><code>nbtstat -RR<\/code> &#8211; obnov\u00ed z\u00e1znam na WINS server<\/li>\n<\/ul>\n<p>&nbsp;<\/p>\n","protected":false},"excerpt":{"rendered":"<p>Ping Program ping (anglicky Packet InterNet Groper) umo\u017e\u0148uje preveri\u0165 funk\u010dnos\u0165 spojenia medzi dvoma sie\u0165ov\u00fdmi rozhraniami (po\u010d\u00edta\u010da alebo sie\u0165ov\u00e9ho zariadenia) v po\u010d\u00edta\u010dovej sieti, ktor\u00e9 pou\u017e\u00edva rodinu&hellip;<\/p>\n","protected":false},"author":1,"featured_media":0,"parent":13,"menu_order":1,"comment_status":"closed","ping_status":"closed","template":"","meta":{"footnotes":""},"_links":{"self":[{"href":"http:\/\/tech.sosthe.sk\/index.php\/wp-json\/wp\/v2\/pages\/596"}],"collection":[{"href":"http:\/\/tech.sosthe.sk\/index.php\/wp-json\/wp\/v2\/pages"}],"about":[{"href":"http:\/\/tech.sosthe.sk\/index.php\/wp-json\/wp\/v2\/types\/page"}],"author":[{"embeddable":true,"href":"http:\/\/tech.sosthe.sk\/index.php\/wp-json\/wp\/v2\/users\/1"}],"replies":[{"embeddable":true,"href":"http:\/\/tech.sosthe.sk\/index.php\/wp-json\/wp\/v2\/comments?post=596"}],"version-history":[{"count":8,"href":"http:\/\/tech.sosthe.sk\/index.php\/wp-json\/wp\/v2\/pages\/596\/revisions"}],"predecessor-version":[{"id":613,"href":"http:\/\/tech.sosthe.sk\/index.php\/wp-json\/wp\/v2\/pages\/596\/revisions\/613"}],"up":[{"embeddable":true,"href":"http:\/\/tech.sosthe.sk\/index.php\/wp-json\/wp\/v2\/pages\/13"}],"wp:attachment":[{"href":"http:\/\/tech.sosthe.sk\/index.php\/wp-json\/wp\/v2\/media?parent=596"}],"curies":[{"name":"wp","href":"https:\/\/api.w.org\/{rel}","templated":true}]}}