{"id":72,"date":"2020-04-01T20:38:53","date_gmt":"2020-04-01T18:38:53","guid":{"rendered":"http:\/\/tech.sosthe.sk\/?page_id=72"},"modified":"2020-04-02T22:17:55","modified_gmt":"2020-04-02T20:17:55","slug":"odborne-predmety","status":"publish","type":"page","link":"http:\/\/tech.sosthe.sk\/index.php\/odborne-predmety\/","title":{"rendered":"Odborn\u00e9 predmety"},"content":{"rendered":"<p><img loading=\"lazy\" decoding=\"async\" class=\"alignnone wp-image-158 size-full\" src=\"http:\/\/tech.sosthe.sk\/wp-content\/uploads\/2020\/04\/electric.jpg\" alt=\"\" width=\"904\" height=\"244\" srcset=\"http:\/\/tech.sosthe.sk\/wp-content\/uploads\/2020\/04\/electric.jpg 904w, http:\/\/tech.sosthe.sk\/wp-content\/uploads\/2020\/04\/electric-300x81.jpg 300w, http:\/\/tech.sosthe.sk\/wp-content\/uploads\/2020\/04\/electric-768x207.jpg 768w, http:\/\/tech.sosthe.sk\/wp-content\/uploads\/2020\/04\/electric-660x178.jpg 660w\" sizes=\"(max-width: 904px) 100vw, 904px\" \/><\/p>\n<h2 style=\"text-align: center;\"><a href=\"http:\/\/tech.sosthe.sk\/index.php\/pocitacove-systemy\/\">Po\u010d\u00edta\u010dov\u00e9 syst\u00e9my<\/a><\/h2>\n<h2 style=\"text-align: center;\"><a href=\"http:\/\/tech.sosthe.sk\/index.php\/sietove-technologie\/\">Sie\u0165ov\u00e9 technol\u00f3gie<\/a><\/h2>\n<h2 style=\"text-align: center;\"><a href=\"http:\/\/tech.sosthe.sk\/index.php\/elektronika\/\">Elektronika<\/a><\/h2>\n<h2 style=\"text-align: center;\"><a href=\"http:\/\/tech.sosthe.sk\/index.php\/elektricke-merania\/\">Elektrick\u00e9 merania<\/a><\/h2>\n","protected":false},"excerpt":{"rendered":"<p>Po\u010d\u00edta\u010dov\u00e9 syst\u00e9my Sie\u0165ov\u00e9 technol\u00f3gie Elektronika Elektrick\u00e9 merania<\/p>\n","protected":false},"author":1,"featured_media":0,"parent":0,"menu_order":0,"comment_status":"closed","ping_status":"closed","template":"","meta":{"footnotes":""},"_links":{"self":[{"href":"http:\/\/tech.sosthe.sk\/index.php\/wp-json\/wp\/v2\/pages\/72"}],"collection":[{"href":"http:\/\/tech.sosthe.sk\/index.php\/wp-json\/wp\/v2\/pages"}],"about":[{"href":"http:\/\/tech.sosthe.sk\/index.php\/wp-json\/wp\/v2\/types\/page"}],"author":[{"embeddable":true,"href":"http:\/\/tech.sosthe.sk\/index.php\/wp-json\/wp\/v2\/users\/1"}],"replies":[{"embeddable":true,"href":"http:\/\/tech.sosthe.sk\/index.php\/wp-json\/wp\/v2\/comments?post=72"}],"version-history":[{"count":7,"href":"http:\/\/tech.sosthe.sk\/index.php\/wp-json\/wp\/v2\/pages\/72\/revisions"}],"predecessor-version":[{"id":178,"href":"http:\/\/tech.sosthe.sk\/index.php\/wp-json\/wp\/v2\/pages\/72\/revisions\/178"}],"wp:attachment":[{"href":"http:\/\/tech.sosthe.sk\/index.php\/wp-json\/wp\/v2\/media?parent=72"}],"curies":[{"name":"wp","href":"https:\/\/api.w.org\/{rel}","templated":true}]}}