{"id":76,"date":"2020-04-01T20:38:53","date_gmt":"2020-04-01T18:38:53","guid":{"rendered":"http:\/\/tech.sosthe.sk\/?page_id=76"},"modified":"2020-04-03T10:45:35","modified_gmt":"2020-04-03T08:45:35","slug":"odkazy","status":"publish","type":"page","link":"http:\/\/tech.sosthe.sk\/index.php\/odkazy\/","title":{"rendered":"Odkazy"},"content":{"rendered":"<p><img loading=\"lazy\" decoding=\"async\" class=\"alignnone wp-image-135 size-full\" src=\"http:\/\/tech.sosthe.sk\/wp-content\/uploads\/2020\/04\/odkazy-1.jpg\" alt=\"\" width=\"901\" height=\"268\" srcset=\"http:\/\/tech.sosthe.sk\/wp-content\/uploads\/2020\/04\/odkazy-1.jpg 901w, http:\/\/tech.sosthe.sk\/wp-content\/uploads\/2020\/04\/odkazy-1-300x89.jpg 300w, http:\/\/tech.sosthe.sk\/wp-content\/uploads\/2020\/04\/odkazy-1-768x228.jpg 768w, http:\/\/tech.sosthe.sk\/wp-content\/uploads\/2020\/04\/odkazy-1-660x196.jpg 660w\" sizes=\"(max-width: 901px) 100vw, 901px\" \/><\/p>\n<h3>Odkazy na zauj\u00edmav\u00e9 str\u00e1nky:<\/h3>\n<p><a href=\"http:\/\/cisco-academy.aspone.cz\/\" target=\"_blank\" rel=\"noopener noreferrer\">http:\/\/cisco-academy.aspone.cz\/<\/a>\u00a0 \u00a0 &#8211; Cisco Networking Academy texty v sloven\u010dine<\/p>\n<p><a href=\"https:\/\/www.calculator.net\/ip-subnet-calculator.html\" target=\"_blank\" rel=\"noopener noreferrer\">https:\/\/www.calculator.net\/ip-subnet-calculator.html<\/a>\u00a0 &#8211; zauj\u00edmav\u00e1 kalkula\u010dka na v\u00fdpo\u010det podsiet\u00ed<\/p>\n<p><a href=\"https:\/\/freedns.afraid.org\/\" target=\"_blank\" rel=\"noopener noreferrer\">https:\/\/freedns.afraid.org\/<\/a>\u00a0 &#8211; tu si m\u00f4\u017eete zadarmo registrova\u0165 dom\u00e9nu alebo subdom\u00e9nu<\/p>\n<p><a href=\"https:\/\/pctuning.tyden.cz\/\" target=\"_blank\" rel=\"noopener noreferrer\">https:\/\/pctuning.tyden.cz\/<\/a>\u00a0 &#8211; mno\u017estvo inform\u00e1ci\u00ed zo sveta hardv\u00e9ru a softv\u00e9ru po \u010desky<\/p>\n<p><a href=\"https:\/\/arduino.cz\/\" target=\"_blank\" rel=\"noopener noreferrer\">https:\/\/arduino.cz\/<\/a>\u00a0 &#8211; \u010desk\u00e1 str\u00e1nka o Arduinu. Ve\u013ea zauj\u00edmav\u00fdch projektov<\/p>\n<p><a href=\"https:\/\/www.wireshark.org\/download.html\">https:\/\/www.wireshark.org\/download.html<\/a>\u00a0 &#8211; stiahnite si perfektn\u00fd n\u00e1stroj na anal\u00fdzu sie\u0165ovej prev\u00e1dzky<\/p>\n","protected":false},"excerpt":{"rendered":"<p>Odkazy na zauj\u00edmav\u00e9 str\u00e1nky: http:\/\/cisco-academy.aspone.cz\/\u00a0 \u00a0 &#8211; Cisco Networking Academy texty v sloven\u010dine https:\/\/www.calculator.net\/ip-subnet-calculator.html\u00a0 &#8211; zauj\u00edmav\u00e1 kalkula\u010dka na v\u00fdpo\u010det podsiet\u00ed https:\/\/freedns.afraid.org\/\u00a0 &#8211; tu si m\u00f4\u017eete&hellip;<\/p>\n","protected":false},"author":1,"featured_media":0,"parent":0,"menu_order":0,"comment_status":"closed","ping_status":"closed","template":"","meta":{"footnotes":""},"_links":{"self":[{"href":"http:\/\/tech.sosthe.sk\/index.php\/wp-json\/wp\/v2\/pages\/76"}],"collection":[{"href":"http:\/\/tech.sosthe.sk\/index.php\/wp-json\/wp\/v2\/pages"}],"about":[{"href":"http:\/\/tech.sosthe.sk\/index.php\/wp-json\/wp\/v2\/types\/page"}],"author":[{"embeddable":true,"href":"http:\/\/tech.sosthe.sk\/index.php\/wp-json\/wp\/v2\/users\/1"}],"replies":[{"embeddable":true,"href":"http:\/\/tech.sosthe.sk\/index.php\/wp-json\/wp\/v2\/comments?post=76"}],"version-history":[{"count":8,"href":"http:\/\/tech.sosthe.sk\/index.php\/wp-json\/wp\/v2\/pages\/76\/revisions"}],"predecessor-version":[{"id":189,"href":"http:\/\/tech.sosthe.sk\/index.php\/wp-json\/wp\/v2\/pages\/76\/revisions\/189"}],"wp:attachment":[{"href":"http:\/\/tech.sosthe.sk\/index.php\/wp-json\/wp\/v2\/media?parent=76"}],"curies":[{"name":"wp","href":"https:\/\/api.w.org\/{rel}","templated":true}]}}