{"id":77,"date":"2020-04-01T20:38:53","date_gmt":"2020-04-01T18:38:53","guid":{"rendered":"http:\/\/tech.sosthe.sk\/?page_id=77"},"modified":"2020-04-02T11:03:18","modified_gmt":"2020-04-02T09:03:18","slug":"kontakty","status":"publish","type":"page","link":"http:\/\/tech.sosthe.sk\/index.php\/kontakty\/","title":{"rendered":"Kontakty"},"content":{"rendered":"<h3><img loading=\"lazy\" decoding=\"async\" class=\"alignnone wp-image-133 size-full\" src=\"http:\/\/tech.sosthe.sk\/wp-content\/uploads\/2020\/04\/kontakt.jpg\" alt=\"\" width=\"900\" height=\"251\" srcset=\"http:\/\/tech.sosthe.sk\/wp-content\/uploads\/2020\/04\/kontakt.jpg 900w, http:\/\/tech.sosthe.sk\/wp-content\/uploads\/2020\/04\/kontakt-300x84.jpg 300w, http:\/\/tech.sosthe.sk\/wp-content\/uploads\/2020\/04\/kontakt-768x214.jpg 768w, http:\/\/tech.sosthe.sk\/wp-content\/uploads\/2020\/04\/kontakt-660x184.jpg 660w\" sizes=\"(max-width: 900px) 100vw, 900px\" \/><\/h3>\n<h3>U\u010ditelia elektrotechnick\u00fdch predmetov:<\/h3>\n<p><em>Ing. Milo\u0161 Krupa<\/em> &#8211;\u00a0 e-mail: <a href=\"mailto:mkrupa@sosthe.sk\">mkrupa@sosthe.sk<\/a>\u00a0 \u00a0 miestnos\u0165: D\/117<\/p>\n<p>&nbsp;<\/p>\n<h3>U\u010ditelia informatick\u00fdch predmetov:<\/h3>\n<p>&nbsp;<\/p>\n<p><em>Spr\u00e1vca webu:<\/em> <a href=\"mailto:admin@sosthe.sk\">admin@sosthe.sk<\/a><\/p>\n","protected":false},"excerpt":{"rendered":"<p>U\u010ditelia elektrotechnick\u00fdch predmetov: Ing. Milo\u0161 Krupa &#8211;\u00a0 e-mail: mkrupa@sosthe.sk\u00a0 \u00a0 miestnos\u0165: D\/117 &nbsp; U\u010ditelia informatick\u00fdch predmetov: &nbsp; Spr\u00e1vca webu: admin@sosthe.sk<\/p>\n","protected":false},"author":1,"featured_media":0,"parent":0,"menu_order":0,"comment_status":"closed","ping_status":"closed","template":"","meta":{"footnotes":""},"_links":{"self":[{"href":"http:\/\/tech.sosthe.sk\/index.php\/wp-json\/wp\/v2\/pages\/77"}],"collection":[{"href":"http:\/\/tech.sosthe.sk\/index.php\/wp-json\/wp\/v2\/pages"}],"about":[{"href":"http:\/\/tech.sosthe.sk\/index.php\/wp-json\/wp\/v2\/types\/page"}],"author":[{"embeddable":true,"href":"http:\/\/tech.sosthe.sk\/index.php\/wp-json\/wp\/v2\/users\/1"}],"replies":[{"embeddable":true,"href":"http:\/\/tech.sosthe.sk\/index.php\/wp-json\/wp\/v2\/comments?post=77"}],"version-history":[{"count":11,"href":"http:\/\/tech.sosthe.sk\/index.php\/wp-json\/wp\/v2\/pages\/77\/revisions"}],"predecessor-version":[{"id":134,"href":"http:\/\/tech.sosthe.sk\/index.php\/wp-json\/wp\/v2\/pages\/77\/revisions\/134"}],"wp:attachment":[{"href":"http:\/\/tech.sosthe.sk\/index.php\/wp-json\/wp\/v2\/media?parent=77"}],"curies":[{"name":"wp","href":"https:\/\/api.w.org\/{rel}","templated":true}]}}